{"id":24,"date":"2021-01-29T11:41:39","date_gmt":"2021-01-29T11:41:39","guid":{"rendered":"http:\/\/brosgroup.net\/HTD\/?page_id=24"},"modified":"2025-11-21T15:53:53","modified_gmt":"2025-11-21T15:53:53","slug":"dernek-uyelik-formu","status":"publish","type":"page","link":"https:\/\/www.hidrojenteknolojileri.org\/en\/dernek-uyelik-formu\/","title":{"rendered":"ASSOCIATION MEMBERSHIP FORMS"},"content":{"rendered":"<div class=\"wp-block-columns is-layout-flex wp-container-core-columns-is-layout-28f84493 wp-block-columns-is-layout-flex\">\n<div class=\"wp-block-column is-layout-flow wp-block-column-is-layout-flow\" style=\"flex-basis:50%\">\n<div class=\"wp-block-buttons is-layout-flex wp-block-buttons-is-layout-flex\">\n<div class=\"wp-block-button\"><a class=\"wp-block-button__link has-white-color has-black-background-color has-text-color has-background wp-element-button\" href=\"https:\/\/www.hidrojenteknolojileri.org\/en\/uyelik-formlari\/\">CLICK FOR MEMBERSHIP FORMS<\/a><\/div>\n<\/div>\n<\/div>\n\n\n\n<div class=\"wp-block-column is-layout-flow wp-block-column-is-layout-flow\" style=\"flex-basis:50%\">\n<div class=\"wp-block-buttons is-layout-flex wp-block-buttons-is-layout-flex\">\n<div class=\"wp-block-button\"><a class=\"wp-block-button__link wp-element-button\" href=\"https:\/\/www.hidrojenteknolojileri.org\/Docs\/Uyelik-Referans Mektubu.docx\" target=\"_blank\" rel=\"noreferrer noopener\">LETTER OF REFERENCE<\/a><\/div>\n<\/div>\n<\/div>\n<\/div>\n\n\n\n<p class=\"translation-block\">Please download the <a href=\"https:\/\/www.hidrojenteknolojileri.org\/en\/uyelik-formlari\/\" target=\"_self\">Membership Form<\/a> to your computer, fill it out and send it to the Association Coordinator.<\/p>\n\n\n\n<p>In order to become a member of our association, you need to do the following procedures.<\/p>\n\n\n\n<ol style=\"list-style-type:1\" class=\"wp-block-list\">\n<li>Download the appropriate Membership Form to your computer and fill it out completely.<\/li>\n<\/ol>\n\n\n\n<p><strong>Required Documents;<\/strong><\/p>\n\n\n\n<ul class=\"wp-block-list\">\n<li>Membership Form<\/li>\n\n\n\n<li>Photocopy of Identity Card<\/li>\n\n\n\n<li>Resume<\/li>\n\n\n\n<li>Letter of Reference<\/li>\n\n\n\n<li>&nbsp;Annual Member Fee Receipt<\/li>\n\n\n\n<li>2 original passport size photographs<\/li>\n\n\n\n<li>Criminal Record Certificate<\/li>\n<\/ul>\n\n\n\n<p>Please send the specified documents by e-mail to the association address below and send the original documents by cargo to the association address.&nbsp;<\/p>\n\n\n\n<ol start=\"2\" class=\"wp-block-list\">\n<li>Please deposit the annual association membership fee to the following association account after your membership has been approved by the Board of Directors and your membership activation has been made by the Association Coordinator.&nbsp;<\/li>\n<\/ol>\n\n\n\n<p><strong>Account Name: Hidrojen Teknolojileri Derne\u011fi<br>\u0130\u015f Bankas\u0131 Kocamustafapa\u015fa \u015eubesi<br>Hesap No:1105-957433<br>IBAN TR29 0006 4000 0011 1050 9574 33 numaral\u0131 dernek hesab\u0131na yat\u0131r\u0131n\u0131z.<\/strong><\/p>\n\n\n\n<ol start=\"3\" class=\"wp-block-list\">\n<li class=\"translation-block\">Please fill in the appropriate Membership Form and reference letter completely. In the references section of the applications for association membership, <u>at least<\/u> one of the members of the board of directors of the association is required to have a reference. The <u>second reference<\/u> must be written from the institution where he\/she works. <u>Reference letters<\/u> should be filled in the required fields and sent to the association coordinator with the membership form and the documents requested in Article 1.<\/li>\n\n\n\n<li class=\"translation-block\"><b>For student members<\/b>, one of the professors of the department of the University they attend must be added as a reference. The <a rel=\"noreferrer noopener\" href=\"https:\/\/www.hidrojenteknolojileri.org\/Docs\/Referans-Mektubu.docx\" target=\"_blank\">reference letter<\/a> should be filled in the required fields and sent to the association coordinator with the membership form and the documents requested in Article 1. After completing their education, student members must prepare and submit the documents requested in Article 1 to our Association again in order to continue their membership rights and to gain the right to elect and be elected at the General Assembly and to have their membership activated.<\/li>\n\n\n\n<li><strong>Corporate Members<\/strong> must be filled in for Corporate Members. A photocopy of the company official's ID card, criminal record, 2 original passport size pictures and the corporate logo (to be used on our website) are required. <br>Some of the privileges we provide to our Corporate Members are as follows.&nbsp;\n<ul class=\"wp-block-list\">\n<li>The logos of the corporate member organizations are included in the announcements of the relevant meeting organizations and in the meeting venues.&nbsp;<\/li>\n\n\n\n<li>There is a 20% discount on paid events organized by the Association.&nbsp;<\/li>\n\n\n\n<li>Networking opportunities are provided through member meetings, agenda meetings, etc. organized exclusively for members of the Association.&nbsp;<\/li>\n\n\n\n<li>The logos of corporate members can be found on the Corporate Members page of the Association's website, with a link to their web addresses.&nbsp;<\/li>\n\n\n\n<li>Corporate members will be allocated a quota for events organized free of charge by the Association.&nbsp;<\/li>\n\n\n\n<li>In paid activities organized by the Association, corporate members are entitled to participate for 1 person free of charge.&nbsp;<\/li>\n\n\n\n<li>The Association provides information on corporate governance and related issues by following international trends and national regulations, and ensures that corporate member employees are informed by organizing joint meetings on issues of importance.&nbsp;<\/li>\n\n\n\n<li>The Association provides support for corporate member organizations to communicate with other business world organizations with which it is in close cooperation, to benefit from their areas of expertise and to provide information about the events they organize.&nbsp;<\/li>\n\n\n\n<li>Through membership in working groups, it is possible to be part of common practices and develop recommendations.&nbsp;<\/li>\n\n\n\n<li>Participate in member panels where current issues are discussed. &nbsp;<\/li>\n<\/ul>\n<\/li>\n<\/ol>\n\n\n\n<p>*Yearly member dues information can be found at the bottom of the form by downloading the appropriate form.<\/p>\n\n\n\n<p>*Membership applications will be evaluated by the Association Management and the result will be notified to the applicant.<\/p>\n\n\n\n<p>*Please consider becoming a member of our association and use our contact address below for your questions.&nbsp;<\/p>\n\n\n\n<p><strong>Address:&nbsp;<\/strong>National Hydrogen Association<br>Esentepe Mah. Sa\u011flam Fikir Sok.<br>Esen Palas Apt. A Blok No:2 D:9<br>Esentepe\/ \u015ei\u015fli\/\u0130STANBUL<br><strong><br>Contact<br>Association Coordinator<\/strong><br>Fatma TA\u015e\u00c7I<br>Gsm:0 533 726 72 55<br>Tel:+90&nbsp;212 296 66 70<br>Fax:+90 212 296 66 70<\/p>\n\n\n\n<p>E-mail:&nbsp;<a href=\"mailto:hidrojen@hidrojenteknolojileridernegi.org\" target=\"_blank\" rel=\"noreferrer noopener\">hidrojen@hidrojenteknolojileridernegi.org<\/a>&nbsp;\/&nbsp;<a href=\"mailto:atma.tasci@hidrojenteknolojileri.org\" target=\"_blank\" rel=\"noreferrer noopener\">fatma.tasci@hidrojenteknolojileri.org<\/a><\/p>","protected":false},"excerpt":{"rendered":"<p>\u00dcyelik Formunu bilgisayar\u0131n\u0131za indirerek doldurduktan sonra l\u00fctfen Dernek Koordinat\u00f6r\u00fcne iletiniz. Derne\u011fimize \u00fcye olabilmek i\u00e7in a\u015fa\u011f\u0131da belirtilen i\u015flemleri yapman\u0131z gerekmektedir. \u0130stenilen Belgeler; Belirtilen belgeler a\u015fa\u011f\u0131da belirtilen dernek adresine e-posta ile iletip belgelerin asl\u0131n\u0131 dernek adresine kargo ile g\u00f6nderiniz.&nbsp; Hesap Ad\u0131: Hidrojen Teknolojileri Derne\u011fi\u0130\u015f Bankas\u0131 Kocamustafapa\u015fa \u015eubesiHesap No:1105-957433IBAN TR29 0006 4000 0011 1050 9574 33 numaral\u0131 dernek [&hellip;]<\/p>\n","protected":false},"author":1,"featured_media":0,"parent":0,"menu_order":0,"comment_status":"closed","ping_status":"closed","template":"","meta":{"footnotes":""},"class_list":["post-24","page","type-page","status-publish","hentry"],"blocksy_meta":[],"_links":{"self":[{"href":"https:\/\/www.hidrojenteknolojileri.org\/en\/wp-json\/wp\/v2\/pages\/24","targetHints":{"allow":["GET"]}}],"collection":[{"href":"https:\/\/www.hidrojenteknolojileri.org\/en\/wp-json\/wp\/v2\/pages"}],"about":[{"href":"https:\/\/www.hidrojenteknolojileri.org\/en\/wp-json\/wp\/v2\/types\/page"}],"author":[{"embeddable":true,"href":"https:\/\/www.hidrojenteknolojileri.org\/en\/wp-json\/wp\/v2\/users\/1"}],"replies":[{"embeddable":true,"href":"https:\/\/www.hidrojenteknolojileri.org\/en\/wp-json\/wp\/v2\/comments?post=24"}],"version-history":[{"count":16,"href":"https:\/\/www.hidrojenteknolojileri.org\/en\/wp-json\/wp\/v2\/pages\/24\/revisions"}],"predecessor-version":[{"id":2130,"href":"https:\/\/www.hidrojenteknolojileri.org\/en\/wp-json\/wp\/v2\/pages\/24\/revisions\/2130"}],"wp:attachment":[{"href":"https:\/\/www.hidrojenteknolojileri.org\/en\/wp-json\/wp\/v2\/media?parent=24"}],"curies":[{"name":"wp","href":"https:\/\/api.w.org\/{rel}","templated":true}]}}