{"id":209,"date":"2021-01-29T15:22:36","date_gmt":"2021-01-29T15:22:36","guid":{"rendered":"http:\/\/brosgroup.net\/HTD\/?page_id=209"},"modified":"2025-07-24T10:34:55","modified_gmt":"2025-07-24T10:34:55","slug":"hidrojen-teknolojileri-dernegi-odulleri-ve-kurallari","status":"publish","type":"page","link":"https:\/\/www.hidrojenteknolojileri.org\/en\/hidrojen-teknolojileri-dernegi-odulleri-ve-kurallari\/","title":{"rendered":"National Hydrogen Association Awards"},"content":{"rendered":"<div class=\"wp-block-columns is-layout-flex wp-container-core-columns-is-layout-28f84493 wp-block-columns-is-layout-flex\">\n<div class=\"wp-block-column is-layout-flow wp-block-column-is-layout-flow\">\n<div class=\"wp-block-buttons is-layout-flex wp-block-buttons-is-layout-flex\">\n<div class=\"wp-block-button\"><a class=\"wp-block-button__link wp-element-button\" href=\"https:\/\/www.hidrojenteknolojileri.org\/en\/2025-yili-odulleri\/\">2025 \u00d6d\u00fclleri<\/a><\/div>\n\n\n\n<div class=\"wp-block-button\"><a class=\"wp-block-button__link wp-element-button\" href=\"https:\/\/www.hidrojenteknolojileri.org\/en\/blog\/2024-yili-odulleri\/\">2024 \u00d6d\u00fclleri<\/a><\/div>\n\n\n\n<div class=\"wp-block-button\"><a class=\"wp-block-button__link wp-element-button\" href=\"https:\/\/www.hidrojenteknolojileri.org\/en\/blog\/2023-yili-odulleri\/\">2023 \u00d6d\u00fclleri<\/a><\/div>\n\n\n\n<div class=\"wp-block-button\"><a class=\"wp-block-button__link wp-element-button\" href=\"https:\/\/www.hidrojenteknolojileri.org\/en\/blog\/2022-yili-odulleri\/\">2022 \u00d6d\u00fclleri<\/a><\/div>\n\n\n\n<div class=\"wp-block-button\"><a class=\"wp-block-button__link wp-element-button\">2021 \u00d6d\u00fclleri<\/a><\/div>\n\n\n\n<div class=\"wp-block-button\"><a class=\"wp-block-button__link wp-element-button\" href=\"https:\/\/www.hidrojenteknolojileri.org\/en\/blog\/2020-yili-odulleri\/\">2020 \u00d6d\u00fclleri<\/a><\/div>\n\n\n\n<div class=\"wp-block-button\"><a class=\"wp-block-button__link wp-element-button\" href=\"https:\/\/www.hidrojenteknolojileri.org\/en\/blog\/2019-yili-odulleri\/\">2019 \u00d6d\u00fclleri<\/a><\/div>\n<\/div>\n<\/div>\n<\/div>\n\n\n\n<h2 class=\"wp-block-heading\"><strong><strong>National Hydrogen Association Awards <\/strong><\/strong><\/h2>\n\n\n\n<figure class=\"wp-block-image aligncenter size-full\"><img fetchpriority=\"high\" decoding=\"async\" width=\"596\" height=\"206\" src=\"https:\/\/www.hidrojenteknolojileri.org\/wp-content\/uploads\/2025\/02\/Odul_Afis-2023-banner-02.jpg\" alt=\"\" class=\"wp-image-795\" srcset=\"https:\/\/www.hidrojenteknolojileri.org\/wp-content\/uploads\/2025\/02\/Odul_Afis-2023-banner-02.jpg 597w, https:\/\/www.hidrojenteknolojileri.org\/wp-content\/uploads\/2025\/02\/Odul_Afis-2023-banner-02-300x104.jpg 300w, https:\/\/www.hidrojenteknolojileri.org\/wp-content\/uploads\/2025\/02\/Odul_Afis-2023-banner-02-150x52.jpg 150w, https:\/\/www.hidrojenteknolojileri.org\/wp-content\/uploads\/2025\/02\/Odul_Afis-2023-banner-02-18x6.jpg 18w\" sizes=\"(max-width: 596px) 100vw, 596px\" \/><\/figure>\n\n\n\n<p>Hydrogen Technologies Association will give \u2018Nejat Veziro\u011flu Special Award\u2019, \u2018Technology Award\u2019, \u2018Young Researcher Award\u2019 and \u2018Student Researcher Award\u2019. The selection committees formed for the awards consist of five people determined by the Board of Directors of the Hydrogen Technologies Association in coordination with the chairmen of the selection committee. New members are determined by the coordination of the association management instead of the members who cannot participate in the selection committee due to resignation, excuse or death.<\/p>\n\n\n\n<h2 class=\"wp-block-heading has-luminous-vivid-amber-background-color has-background\"><strong>Nejat Veziro\u011flu Special Award<\/strong>:<\/h2>\n\n\n\n<p>This award was created on behalf of Prof. Dr. Nejat Veziro\u011flu, who is an international leader in hydrogen energy, the father of hydrogen technologies, and the permanent honorary president of the Hydrogen Technologies Association. It is given to people who have proven themselves in the field of hydrogen energy and technologies both domestically and internationally and have made internationally recognized contributions.<\/p>\n\n\n\n<h2 class=\"wp-block-heading has-luminous-vivid-amber-background-color has-background\"><strong>Service Award of Hydrogen Technologies Association<\/strong><\/h2>\n\n\n\n<p>This award is given to the people who have dedicated themselves to hydrogen energy and have served for at least 20 years in the development and application of this field, have contributed to the communal, social, technological, and economic development of the country in this field, have been a pioneer in the education and training of youth, have made institutional contributions and are active in industrial applications.<\/p>\n\n\n\n<h2 class=\"wp-block-heading has-luminous-vivid-amber-background-color has-background\"><strong>Technology Award<\/strong><\/h2>\n\n\n\n<p>This award has been created for institutions that work effectively on hydrogen energy technologies and develop technologies. It is given to institutions that develop a product for the development of hydrogen technology, establish a pilot or industrial facility in the field of hydrogen energy and technologies, have patents in the field of hydrogen energy and technologies or support technology development.<\/p>\n\n\n\n<h2 class=\"wp-block-heading has-luminous-vivid-amber-background-color has-background\"><strong>Young Researcher Award<\/strong><\/h2>\n\n\n\n<p>This award has been created for researchers, who are under the age of 35 (not more than 35 years old as of the date of IHTEC-2026 conference, where the award will be given) and have at least a master\u2019s degree. It is given to people who have done successful studies on hydrogen energy technologies that are recognized at the national and international levels.<\/p>\n\n\n\n<h2 class=\"wp-block-heading has-luminous-vivid-amber-background-color has-background\"><strong>Student Researcher Award<\/strong><\/h2>\n\n\n\n<p>This award is given to undergraduate, graduate, or doctoral students. Candidates are expected to be under the age of 30 as of the date of the IHTEC-2026 conference, where the award will be given. The candidates who will be nominated for this award or who will apply themselves, will be preferred for this award if they have developed an invention, a new application, or a unique method for hydrogen technologies.<\/p>\n\n\n\n<p><em><em>The winners of these awards will be invited to the conference where they will attend the award ceremony. Conference registration fee and accommodation expenses will be covered by the association.&nbsp;<\/em><\/em><\/p>\n\n\n\n<p>Note: Applications that do not fulfil any of the application conditions, whose documents are not complete and applications received after the deadline will not be processed.&nbsp;<\/p>\n\n\n\n<h2 class=\"wp-block-heading\"><strong>Required Documents;<\/strong><\/h2>\n\n\n\n<ul class=\"wp-block-list\">\n<li>Application petition&nbsp;&nbsp;<\/li>\n\n\n\n<li>Candidate suggestion form&nbsp;<\/li>\n\n\n\n<li>Detailed CV&nbsp;&nbsp;<\/li>\n\n\n\n<li>Up to 2 letters of reference (not mandatory)&nbsp;&nbsp;<\/li>\n\n\n\n<li>Photograph&nbsp;&nbsp;<\/li>\n<\/ul>\n\n\n\n<div class=\"wp-block-columns is-layout-flex wp-container-core-columns-is-layout-28f84493 wp-block-columns-is-layout-flex\">\n<div class=\"wp-block-column is-layout-flow wp-block-column-is-layout-flow\">\n<div class=\"wp-block-buttons is-layout-flex wp-block-buttons-is-layout-flex\">\n<div class=\"wp-block-button has-custom-width wp-block-button__width-100\"><a class=\"wp-block-button__link has-luminous-vivid-orange-to-vivid-red-gradient-background has-background wp-element-button\" href=\"https:\/\/www.hidrojenteknolojileri.org\/Docs\/Odul-Basvuru-Dilekcesi.docx\" target=\"_blank\" rel=\"noreferrer noopener\">BA\u015eVURU FORMU<\/a><\/div>\n<\/div>\n<\/div>\n\n\n\n<div class=\"wp-block-column is-layout-flow wp-block-column-is-layout-flow\">\n<div class=\"wp-block-buttons is-layout-flex wp-block-buttons-is-layout-flex\">\n<div class=\"wp-block-button has-custom-width wp-block-button__width-100\"><a class=\"wp-block-button__link wp-element-button\" href=\"https:\/\/www.hidrojenteknolojileri.org\/Docs\/Award-Application-Form.docx\" target=\"_blank\" rel=\"noreferrer noopener\">APPLICATION FORM<\/a><\/div>\n<\/div>\n<\/div>\n<\/div>\n\n\n\n<p>Application must be send vie e-mail to (<a rel=\"noreferrer noopener\" href=\"mailto:hidrojen@hidrojenteknolojileridernegi.org\" target=\"_blank\"><strong>hidrojen@hidrojenteknolojileri.org<\/strong><\/a>) NHA.<\/p>\n\n\n\n<p><strong>Evaluation Process<\/strong><\/p>\n\n\n\n<p>The committees meet 1 month before the IHTEC conference. The award secretariat, appointed by the Association, attends the meetings to handle correspondence.<\/p>\n\n\n\n<p>The award winners are announced 15 days before the IHTEC conference after the evaluation of the Selection Committee.<\/p>\n\n\n\n<p>Members who cannot attend the selection committee meeting participate in the voting via telephone or Skype or send their votes in writing to the Chairman of the Selection Committee in advance. These votes do not change during the repetition of the voting.<\/p>","protected":false},"excerpt":{"rendered":"<p>Hidrojen Teknolojileri Derne\u011fi \u00d6d\u00fclleri Hidrojen Teknolojileri Derne\u011fi \u201cNejat Veziro\u011flu \u00d6zel \u00d6d\u00fcl\u00fc\u201d, \u201cTeknoloji \u00d6d\u00fcl\u00fc\u201d, \u201cGen\u00e7 Ara\u015ft\u0131rmac\u0131&nbsp;\u00d6d\u00fcl\u00fc\u201dve&nbsp;\u201c\u00d6\u011frenci Ara\u015ft\u0131rmac\u0131 \u00d6d\u00fcl\u00fc\u201d verecektir. \u00d6d\u00fcller i\u00e7in olu\u015fturulan se\u00e7ici kurullar, Hidrojen Teknolojileri Derne\u011fi Y\u00f6netim Kurulu taraf\u0131ndan se\u00e7ici kurul ba\u015fkanlar\u0131 ile koordineli olarak belirlenen be\u015fer ki\u015fiden olu\u015fur. \u0130stifa, mazeret ya da vefat nedeniyle se\u00e7ici kurula kat\u0131lamayacak olan \u00fcyeler yerine dernek y\u00f6netiminin koordinasyonu ile [&hellip;]<\/p>\n","protected":false},"author":1,"featured_media":0,"parent":0,"menu_order":0,"comment_status":"closed","ping_status":"closed","template":"","meta":{"footnotes":""},"class_list":["post-209","page","type-page","status-publish","hentry"],"blocksy_meta":[],"_links":{"self":[{"href":"https:\/\/www.hidrojenteknolojileri.org\/en\/wp-json\/wp\/v2\/pages\/209","targetHints":{"allow":["GET"]}}],"collection":[{"href":"https:\/\/www.hidrojenteknolojileri.org\/en\/wp-json\/wp\/v2\/pages"}],"about":[{"href":"https:\/\/www.hidrojenteknolojileri.org\/en\/wp-json\/wp\/v2\/types\/page"}],"author":[{"embeddable":true,"href":"https:\/\/www.hidrojenteknolojileri.org\/en\/wp-json\/wp\/v2\/users\/1"}],"replies":[{"embeddable":true,"href":"https:\/\/www.hidrojenteknolojileri.org\/en\/wp-json\/wp\/v2\/comments?post=209"}],"version-history":[{"count":35,"href":"https:\/\/www.hidrojenteknolojileri.org\/en\/wp-json\/wp\/v2\/pages\/209\/revisions"}],"predecessor-version":[{"id":2068,"href":"https:\/\/www.hidrojenteknolojileri.org\/en\/wp-json\/wp\/v2\/pages\/209\/revisions\/2068"}],"wp:attachment":[{"href":"https:\/\/www.hidrojenteknolojileri.org\/en\/wp-json\/wp\/v2\/media?parent=209"}],"curies":[{"name":"wp","href":"https:\/\/api.w.org\/{rel}","templated":true}]}}