{"id":200,"date":"2021-01-29T15:03:44","date_gmt":"2021-01-29T15:03:44","guid":{"rendered":"http:\/\/brosgroup.net\/HTD\/?page_id=200"},"modified":"2024-02-27T05:54:44","modified_gmt":"2024-02-27T05:54:44","slug":"iletisim","status":"publish","type":"page","link":"https:\/\/www.hidrojenteknolojileri.org\/en\/iletisim\/","title":{"rendered":"Contact"},"content":{"rendered":"<p><strong>H\u0130DROJEN TEKNOLOJ\u0130LER\u0130 DERNE\u011e\u0130 \/ HYDROGEN TECHNOLOGIES ASSOCIATION&nbsp;<\/strong>&nbsp;&nbsp;&nbsp;&nbsp;&nbsp;&nbsp;<\/p>\n\n\n\n<p><br><strong>Fatma Ta\u015f\u00e7\u0131<\/strong><br>Association Coordinator<br><br><strong>\u0130leti\u015fim Bilgileri<\/strong><br><strong>E-mail:<\/strong>\u00a0<a href=\"mailto:hidrojen@hidrojenteknolojileri.org\" target=\"_blank\" rel=\"noreferrer noopener\">hidrojen@hidrojenteknolojileri.org<\/a>\u00a0\/\u00a0<a href=\"mailto:atma.tasci@hidrojenteknolojileri.org\" target=\"_blank\" rel=\"noreferrer noopener\">fatma.tasci@hidrojenteknolojileri.org<\/a><br><strong>Address:\u00a0<\/strong>Esentepe Mah. Sa\u011flam Fikir Sok. No:2 Esen Palas Apt.2\/A Blok K:3 D:9 Esentepe \/ \u015ei\u015fli \/ \u0130stanbul \/ T\u00fcrkiye<br><strong>Tel.:\u00a0<\/strong>+ 90 212 296 66 70\u00a0<strong><br>Fax:<\/strong>\u00a0+ 90 212 296 66 71<br><strong>GSM:<\/strong>\u00a0+90 533 726 72 55<\/p>","protected":false},"excerpt":{"rendered":"<p>H\u0130DROJEN TEKNOLOJ\u0130LER\u0130 DERNE\u011e\u0130 \/ HYDROGEN TECHNOLOGIES ASSOCIATION&nbsp;&nbsp;&nbsp;&nbsp;&nbsp;&nbsp;&nbsp; Fatma Ta\u015f\u00e7\u0131Dernek Koordinat\u00f6r\u00fc \u0130leti\u015fim BilgileriE-mail:\u00a0hidrojen@hidrojenteknolojileri.org\u00a0\/\u00a0fatma.tasci@hidrojenteknolojileri.orgAdres:\u00a0Esentepe Mah. Sa\u011flam Fikir Sok. No:2 Esen Palas Apt.2\/A Blok K:3 D:9 Esentepe \/ \u015ei\u015fli \/ \u0130stanbul \/ T\u00fcrkiyeTel.:\u00a0+ 90 212 296 66 70\u00a0Fax:\u00a0+ 90 212 296 66 71GSM:\u00a0+90 533 726 72 55<\/p>","protected":false},"author":1,"featured_media":0,"parent":0,"menu_order":0,"comment_status":"closed","ping_status":"closed","template":"","meta":{"footnotes":""},"class_list":["post-200","page","type-page","status-publish","hentry"],"blocksy_meta":[],"_links":{"self":[{"href":"https:\/\/www.hidrojenteknolojileri.org\/en\/wp-json\/wp\/v2\/pages\/200","targetHints":{"allow":["GET"]}}],"collection":[{"href":"https:\/\/www.hidrojenteknolojileri.org\/en\/wp-json\/wp\/v2\/pages"}],"about":[{"href":"https:\/\/www.hidrojenteknolojileri.org\/en\/wp-json\/wp\/v2\/types\/page"}],"author":[{"embeddable":true,"href":"https:\/\/www.hidrojenteknolojileri.org\/en\/wp-json\/wp\/v2\/users\/1"}],"replies":[{"embeddable":true,"href":"https:\/\/www.hidrojenteknolojileri.org\/en\/wp-json\/wp\/v2\/comments?post=200"}],"version-history":[{"count":3,"href":"https:\/\/www.hidrojenteknolojileri.org\/en\/wp-json\/wp\/v2\/pages\/200\/revisions"}],"predecessor-version":[{"id":1155,"href":"https:\/\/www.hidrojenteknolojileri.org\/en\/wp-json\/wp\/v2\/pages\/200\/revisions\/1155"}],"wp:attachment":[{"href":"https:\/\/www.hidrojenteknolojileri.org\/en\/wp-json\/wp\/v2\/media?parent=200"}],"curies":[{"name":"wp","href":"https:\/\/api.w.org\/{rel}","templated":true}]}}