{"id":20,"date":"2021-01-29T11:36:34","date_gmt":"2021-01-29T11:36:34","guid":{"rendered":"http:\/\/brosgroup.net\/HTD\/?page_id=20"},"modified":"2021-01-29T11:36:35","modified_gmt":"2021-01-29T11:36:35","slug":"hidrojen-teknolojileri-dernegi-2","status":"publish","type":"page","link":"https:\/\/www.hidrojenteknolojileri.org\/en\/hidrojen-teknolojileri-dernegi-2\/","title":{"rendered":"NATIONAL HYDROGEN ASSOCIATION"},"content":{"rendered":"<h4 class=\"wp-block-heading\"><strong>AIMS OF THE ASSOCIATION<\/strong><\/h4>\n\n\n\n<p>The aim of the Association is to ensure scientific, industrial and social cooperation on Hydrogen Technologies, to develop sustainable coordination and to carry out related activities, as stated in the Association's statute. The Association has no political purpose.<\/p>\n\n\n\n<h4 class=\"wp-block-heading\"><strong>WORKING PRINCIPLES OF THE ASSOCIATION:<\/strong><\/h4>\n\n\n\n<p>As stated in the Association's Charter, the Association is impartial, autonomous, equidistant to all institutions and organizations, non-commercial and non-political, for the benefit of society and the environment, and engages in discourse and behavior with clear, fact-based determinations, research and evaluations.<\/p>","protected":false},"excerpt":{"rendered":"<p>DERNE\u011e\u0130N AMA\u00c7LARI: Derne\u011fin amac\u0131 Dernek t\u00fcz\u00fc\u011f\u00fcnde de belirtildi\u011fi \u00fczere\u00a0Hidrojen Teknolojileri konusunda bilimsel, end\u00fcstriyel ve sosyal i\u015fbirli\u011fini sa\u011flamak, s\u00fcrd\u00fcr\u00fclebilir koordinasyonu geli\u015ftirmek\u00a0 ve ilgili faaliyetleri ger\u00e7ekle\u015ftirmektir. Derne\u011fin siyasi bir amac\u0131 yoktur. DERNE\u011e\u0130N \u00c7ALI\u015eMA \u0130LKELER\u0130: Derne\u011fin \u00e7al\u0131\u015fma ilkeleri Dernek T\u00fcz\u00fc\u011f\u00fcnde de belirtildi\u011fi \u00fczere,\u00a0Dernek; tarafs\u0131z, \u00f6zerk, t\u00fcm kurum ve kurulu\u015flara e\u015fit uzakl\u0131kta, ticari ve politik ama\u00e7 g\u00fctmeyen, toplum ve [&hellip;]<\/p>\n","protected":false},"author":1,"featured_media":0,"parent":0,"menu_order":0,"comment_status":"closed","ping_status":"closed","template":"","meta":{"footnotes":""},"class_list":["post-20","page","type-page","status-publish","hentry"],"blocksy_meta":[],"_links":{"self":[{"href":"https:\/\/www.hidrojenteknolojileri.org\/en\/wp-json\/wp\/v2\/pages\/20","targetHints":{"allow":["GET"]}}],"collection":[{"href":"https:\/\/www.hidrojenteknolojileri.org\/en\/wp-json\/wp\/v2\/pages"}],"about":[{"href":"https:\/\/www.hidrojenteknolojileri.org\/en\/wp-json\/wp\/v2\/types\/page"}],"author":[{"embeddable":true,"href":"https:\/\/www.hidrojenteknolojileri.org\/en\/wp-json\/wp\/v2\/users\/1"}],"replies":[{"embeddable":true,"href":"https:\/\/www.hidrojenteknolojileri.org\/en\/wp-json\/wp\/v2\/comments?post=20"}],"version-history":[{"count":1,"href":"https:\/\/www.hidrojenteknolojileri.org\/en\/wp-json\/wp\/v2\/pages\/20\/revisions"}],"predecessor-version":[{"id":21,"href":"https:\/\/www.hidrojenteknolojileri.org\/en\/wp-json\/wp\/v2\/pages\/20\/revisions\/21"}],"wp:attachment":[{"href":"https:\/\/www.hidrojenteknolojileri.org\/en\/wp-json\/wp\/v2\/media?parent=20"}],"curies":[{"name":"wp","href":"https:\/\/api.w.org\/{rel}","templated":true}]}}