{"id":16,"date":"2021-01-29T11:28:30","date_gmt":"2021-01-29T11:28:30","guid":{"rendered":"http:\/\/brosgroup.net\/HTD\/?page_id=16"},"modified":"2025-06-11T14:59:22","modified_gmt":"2025-06-11T14:59:22","slug":"dernek-yonetimi","status":"publish","type":"page","link":"https:\/\/www.hidrojenteknolojileri.org\/en\/dernek-yonetimi\/","title":{"rendered":"Executive Board"},"content":{"rendered":"<figure class=\"wp-block-table is-style-stripes\"><table><tbody><tr><td><strong><a href=\"http:\/\/drv-cerc.nigde.edu.tr\/?page_id=316&amp;lang=en\" target=\"_blank\" rel=\"noreferrer noopener\">Prof. Dr. T. Nejat VEZ\u0130RO\u011eLU<\/a><\/strong><br>(Miami \/ USA)<\/td><td><em>(Merhum)<\/em> <em><strong>Honorary President<\/strong> <\/em><\/td><\/tr><tr><td><strong><a href=\"https:\/\/ontariotechu.ca\/\" target=\"_blank\" rel=\"noreferrer noopener\">Prof. Dr. \u0130brahim D\u0130N\u00c7ER<\/a><\/strong><br>(UOIT \/ Canada)<\/td><td><em><strong>President<\/strong><\/em><\/td><\/tr><tr><td><strong><a href=\"https:\/\/www.metu.edu.tr\/tr\" target=\"_blank\" rel=\"noreferrer noopener\">Prof. Dr. \u0130nci ERO\u011eLU<\/a><\/strong><br>(Middle East Technical University \/ T\u00fcrkiye)<\/td><td><em><strong>Vice President<\/strong><\/em><\/td><\/tr><tr><td><strong><a href=\"https:\/\/itu.edu.tr\/\">Prof. Dr. Adnan M\u0130D\u0130LL\u0130<\/a><\/strong><br>(\u0130stanbul Technical University \/ T\u00fcrkiye)<\/td><td><em><strong>General Secretary<\/strong><\/em><\/td><\/tr><tr><td><strong><a href=\"https:\/\/www.cu.edu.tr\/\" target=\"_blank\" rel=\"noreferrer noopener\">Prof. Dr. Mehmet KARAKIL\u00c7IK<\/a><\/strong><br>(\u00c7ukurova University \/ T\u00fcrkiye)<\/td><td><strong><em>Accountant<\/em><\/strong><\/td><\/tr><tr><td><strong><a href=\"https:\/\/www.yildiz.edu.tr\/\" target=\"_blank\" rel=\"noreferrer noopener\">Prof. Dr. Aysel Kant\u00fcrk F\u0130GEN<\/a><br><\/strong>(Y\u0131ld\u0131z Technical University \/ T\u00fcrkiye)<\/td><td><em><strong>Member<\/strong><\/em><\/td><\/tr><tr><td><strong><a href=\"https:\/\/itu.edu.tr\/\" target=\"_blank\" rel=\"noreferrer noopener\">Prof. Dr. Filiz KARAOSMANO\u011eLU<\/a><\/strong><br>(\u0130stanbul Technical University \/ T\u00fcrkiye)<\/td><td><em><strong>Member<\/strong><\/em><\/td><\/tr><tr><td><strong><a href=\"https:\/\/www.deu.edu.tr\/\" target=\"_blank\" rel=\"noreferrer noopener\">Prof. Dr. Can \u00d6zg\u00fcr \u00c7OLPAN<\/a><\/strong><br>(Dokuz Eyl\u00fcl University \/ T\u00fcrkiye)<\/td><td><em><strong>Member<\/strong><\/em><\/td><\/tr><tr><td><strong><a href=\"https:\/\/www.yildiz.edu.tr\/\" target=\"_blank\" rel=\"noreferrer noopener\">Prof. Dr. Bestami \u00d6ZKAYA<\/a><\/strong><br>(\u0130stinye \u00dcniversitesi \/ T\u00fcrkiye)<\/td><td><em><strong>Member<\/strong><\/em><\/td><\/tr><tr><td><strong><strong><a href=\"https:\/\/www.bingol.edu.tr\/tr\" target=\"_blank\" rel=\"noreferrer noopener\">Prof. Dr. Ramazan SOLMAZ<\/a><\/strong><\/strong><em><strong><br><\/strong><\/em>(Bing\u00f6l University \/ T\u00fcrkiye)<\/td><td><em><strong>Member<\/strong><\/em><\/td><\/tr><tr><td><strong><a href=\"https:\/\/share.google\/D3eFg54Da0oWc37Cz\" target=\"_blank\" rel=\"noreferrer noopener\">Ali R\u0131za ARSLAN<\/a><\/strong><br>(Hydrogenix \/ T\u00fcrkiye)<\/td><td><strong><em>Member<\/em><\/strong><\/td><\/tr><\/tbody><\/table><\/figure>","protected":false},"excerpt":{"rendered":"<p>Prof. Dr. T. Nejat VEZ\u0130RO\u011eLU(Miami \/ ABD) (Merhum) Onursal Ba\u015fkan Prof. Dr. \u0130brahim D\u0130N\u00c7ER(UOIT \/ Kanada) Ba\u015fkan Prof. Dr. \u0130nci ERO\u011eLU(Ortado\u011fu Teknik \u00dcniversitesi \/ T\u00fcrkiye) Ba\u015fkan Yard\u0131mc\u0131s\u0131 Prof. Dr. Adnan M\u0130D\u0130LL\u0130(\u0130stanbul Teknik \u00dcniversitesi \/ T\u00fcrkiye) Genel Sekreter Prof. Dr. Mehmet KARAKIL\u00c7IK(\u00c7ukurova \u00dcniversitesi \/ T\u00fcrkiye) Sayman Prof. Dr. Aysel Kant\u00fcrk F\u0130GEN(Y\u0131ld\u0131z Teknik \u00dcniversitesi \/ T\u00fcrkiye) \u00dcye [&hellip;]<\/p>\n","protected":false},"author":1,"featured_media":0,"parent":0,"menu_order":0,"comment_status":"closed","ping_status":"closed","template":"","meta":{"footnotes":""},"class_list":["post-16","page","type-page","status-publish","hentry"],"blocksy_meta":[],"_links":{"self":[{"href":"https:\/\/www.hidrojenteknolojileri.org\/en\/wp-json\/wp\/v2\/pages\/16","targetHints":{"allow":["GET"]}}],"collection":[{"href":"https:\/\/www.hidrojenteknolojileri.org\/en\/wp-json\/wp\/v2\/pages"}],"about":[{"href":"https:\/\/www.hidrojenteknolojileri.org\/en\/wp-json\/wp\/v2\/types\/page"}],"author":[{"embeddable":true,"href":"https:\/\/www.hidrojenteknolojileri.org\/en\/wp-json\/wp\/v2\/users\/1"}],"replies":[{"embeddable":true,"href":"https:\/\/www.hidrojenteknolojileri.org\/en\/wp-json\/wp\/v2\/comments?post=16"}],"version-history":[{"count":18,"href":"https:\/\/www.hidrojenteknolojileri.org\/en\/wp-json\/wp\/v2\/pages\/16\/revisions"}],"predecessor-version":[{"id":2002,"href":"https:\/\/www.hidrojenteknolojileri.org\/en\/wp-json\/wp\/v2\/pages\/16\/revisions\/2002"}],"wp:attachment":[{"href":"https:\/\/www.hidrojenteknolojileri.org\/en\/wp-json\/wp\/v2\/media?parent=16"}],"curies":[{"name":"wp","href":"https:\/\/api.w.org\/{rel}","templated":true}]}}