{"id":1464,"date":"2024-12-20T07:02:04","date_gmt":"2024-12-20T07:02:04","guid":{"rendered":"https:\/\/www.hidrojenteknolojileri.org\/?page_id=1464"},"modified":"2025-01-16T11:26:50","modified_gmt":"2025-01-16T11:26:50","slug":"medya-ve-iletisim-kurulu","status":"publish","type":"page","link":"https:\/\/www.hidrojenteknolojileri.org\/en\/medya-ve-iletisim-kurulu\/","title":{"rendered":"Media &amp; Communication Board"},"content":{"rendered":"<div data-elementor-type=\"wp-page\" data-elementor-id=\"1464\" class=\"elementor elementor-1464\" data-elementor-post-type=\"page\">\n\t\t\t\t<div class=\"elementor-element elementor-element-8c88f3c e-flex e-con-boxed e-con e-parent\" data-id=\"8c88f3c\" data-element_type=\"container\" data-e-type=\"container\">\n\t\t\t\t\t<div class=\"e-con-inner\">\n\t\t<div class=\"elementor-element elementor-element-231076d e-con-full e-flex e-con e-child\" data-id=\"231076d\" data-element_type=\"container\" data-e-type=\"container\">\n\t\t\t\t<div class=\"elementor-element elementor-element-fcd9a9c elementor-widget elementor-widget-heading\" data-id=\"fcd9a9c\" data-element_type=\"widget\" data-e-type=\"widget\" data-widget_type=\"heading.default\">\n\t\t\t\t<div class=\"elementor-widget-container\">\n\t\t\t\t\t<h4 class=\"elementor-heading-title elementor-size-default\">Kurul Koordinat\u00f6r\u00fc:<\/h4>\t\t\t\t<\/div>\n\t\t\t\t<\/div>\n\t\t<div class=\"elementor-element elementor-element-2c921de e-con-full e-flex e-con e-child\" data-id=\"2c921de\" data-element_type=\"container\" data-e-type=\"container\">\n\t\t<div class=\"elementor-element elementor-element-23f155e e-con-full e-flex e-con e-child\" data-id=\"23f155e\" data-element_type=\"container\" data-e-type=\"container\" data-settings=\"{&quot;background_background&quot;:&quot;classic&quot;}\">\n\t\t\t\t<\/div>\n\t\t\t\t<div class=\"elementor-element elementor-element-fdb6efe elementor-widget elementor-widget-text-editor\" data-id=\"fdb6efe\" data-element_type=\"widget\" data-e-type=\"widget\" data-widget_type=\"text-editor.default\">\n\t\t\t\t<div class=\"elementor-widget-container\">\n\t\t\t\t\t\t\t\t\t<p style=\"text-align: center;\"><strong><a href=\"https:\/\/www.yildiz.edu.tr\/\" target=\"_blank\" rel=\"noreferrer noopener\">Prof. Dr. Bestami \u00d6ZKAYA<\/a><br \/><\/strong>(Y\u0131ld\u0131z Technical University \/ T\u00fcrkiye)<\/p>\t\t\t\t\t\t\t\t<\/div>\n\t\t\t\t<\/div>\n\t\t\t\t<\/div>\n\t\t\t\t<div class=\"elementor-element elementor-element-b9ade6c elementor-widget elementor-widget-heading\" data-id=\"b9ade6c\" data-element_type=\"widget\" data-e-type=\"widget\" data-widget_type=\"heading.default\">\n\t\t\t\t<div class=\"elementor-widget-container\">\n\t\t\t\t\t<h4 class=\"elementor-heading-title elementor-size-default\">Kurul \u00dcyeleri<\/h4>\t\t\t\t<\/div>\n\t\t\t\t<\/div>\n\t\t<div class=\"elementor-element elementor-element-5a42063 e-con-full e-flex e-con e-child\" data-id=\"5a42063\" data-element_type=\"container\" data-e-type=\"container\">\n\t\t<div class=\"elementor-element elementor-element-3ca24bb e-grid e-con-full e-con e-child\" data-id=\"3ca24bb\" data-element_type=\"container\" data-e-type=\"container\">\n\t\t<div class=\"elementor-element elementor-element-c89dbf5 e-con-full e-flex e-con e-child\" data-id=\"c89dbf5\" data-element_type=\"container\" data-e-type=\"container\">\n\t\t<div class=\"elementor-element elementor-element-1087d1c e-con-full e-flex e-con e-child\" data-id=\"1087d1c\" data-element_type=\"container\" data-e-type=\"container\" data-settings=\"{&quot;background_background&quot;:&quot;classic&quot;}\">\n\t\t\t\t<\/div>\n\t\t\t\t<div class=\"elementor-element elementor-element-4c32812 elementor-widget elementor-widget-text-editor\" data-id=\"4c32812\" data-element_type=\"widget\" data-e-type=\"widget\" data-widget_type=\"text-editor.default\">\n\t\t\t\t<div class=\"elementor-widget-container\">\n\t\t\t\t\t\t\t\t\t<p style=\"text-align: center;\"><strong><a href=\"https:\/\/www.bingol.edu.tr\/tr\" target=\"_blank\" rel=\"noreferrer noopener\">Prof. Dr. Ramazan SOLMAZ<\/a><\/strong><br \/>(Bing\u00f6l University \/ T\u00fcrkiye)<\/p>\t\t\t\t\t\t\t\t<\/div>\n\t\t\t\t<\/div>\n\t\t\t\t<\/div>\n\t\t<div class=\"elementor-element elementor-element-5135d81 e-con-full e-flex e-con e-child\" data-id=\"5135d81\" data-element_type=\"container\" data-e-type=\"container\">\n\t\t<div class=\"elementor-element elementor-element-5b85208 e-con-full e-flex e-con e-child\" data-id=\"5b85208\" data-element_type=\"container\" data-e-type=\"container\" data-settings=\"{&quot;background_background&quot;:&quot;classic&quot;}\">\n\t\t\t\t<\/div>\n\t\t\t\t<div class=\"elementor-element elementor-element-307dfe7 elementor-widget elementor-widget-text-editor\" data-id=\"307dfe7\" data-element_type=\"widget\" data-e-type=\"widget\" data-widget_type=\"text-editor.default\">\n\t\t\t\t<div class=\"elementor-widget-container\">\n\t\t\t\t\t\t\t\t\t<p style=\"text-align: center;\"><strong><a href=\"https:\/\/www.firat.edu.tr\/tr\" target=\"_blank\" rel=\"noreferrer noopener\">Do\u00e7. Dr. Mahmut Temel \u00d6ZDEM\u0130R<\/a><br \/><\/strong>(F\u0131rat University)<\/p>\t\t\t\t\t\t\t\t<\/div>\n\t\t\t\t<\/div>\n\t\t\t\t<\/div>\n\t\t\t\t<\/div>\n\t\t\t\t<\/div>\n\t\t\t\t<\/div>\n\t\t\t\t\t<\/div>\n\t\t\t\t<\/div>\n\t\t\t\t<\/div>","protected":false},"excerpt":{"rendered":"<p>Kurul Koordinat\u00f6r\u00fc: Prof. Dr. Bestami \u00d6ZKAYA(Y\u0131ld\u0131z Teknik \u00dcniversitesi \/ Turkey) Kurul \u00dcyeleri Prof. Dr. Ramazan SOLMAZ(Bing\u00f6l \u00dcniversitesi \/ T\u00fcrkiye) Do\u00e7. Dr. Mahmut Temel \u00d6ZDEM\u0130R(F\u0131rat \u00dcnivesitesi)<\/p>","protected":false},"author":1,"featured_media":0,"parent":0,"menu_order":0,"comment_status":"closed","ping_status":"closed","template":"","meta":{"footnotes":""},"class_list":["post-1464","page","type-page","status-publish","hentry"],"blocksy_meta":[],"_links":{"self":[{"href":"https:\/\/www.hidrojenteknolojileri.org\/en\/wp-json\/wp\/v2\/pages\/1464","targetHints":{"allow":["GET"]}}],"collection":[{"href":"https:\/\/www.hidrojenteknolojileri.org\/en\/wp-json\/wp\/v2\/pages"}],"about":[{"href":"https:\/\/www.hidrojenteknolojileri.org\/en\/wp-json\/wp\/v2\/types\/page"}],"author":[{"embeddable":true,"href":"https:\/\/www.hidrojenteknolojileri.org\/en\/wp-json\/wp\/v2\/users\/1"}],"replies":[{"embeddable":true,"href":"https:\/\/www.hidrojenteknolojileri.org\/en\/wp-json\/wp\/v2\/comments?post=1464"}],"version-history":[{"count":7,"href":"https:\/\/www.hidrojenteknolojileri.org\/en\/wp-json\/wp\/v2\/pages\/1464\/revisions"}],"predecessor-version":[{"id":1790,"href":"https:\/\/www.hidrojenteknolojileri.org\/en\/wp-json\/wp\/v2\/pages\/1464\/revisions\/1790"}],"wp:attachment":[{"href":"https:\/\/www.hidrojenteknolojileri.org\/en\/wp-json\/wp\/v2\/media?parent=1464"}],"curies":[{"name":"wp","href":"https:\/\/api.w.org\/{rel}","templated":true}]}}